{"id":16,"date":"2024-07-09T17:30:34","date_gmt":"2024-07-09T17:30:34","guid":{"rendered":"https:\/\/www.josaura.com\/?page_id=16"},"modified":"2024-10-08T18:33:26","modified_gmt":"2024-10-08T18:33:26","slug":"especialidades","status":"publish","type":"page","link":"https:\/\/www.josaura.com\/en\/specialties\/","title":{"rendered":"Specialties"},"content":{"rendered":"<p>[et_pb_section fb_built=\u00bb1&#8243; _builder_version=\u00bb4.26.0&#8243; _module_preset=\u00bbdefault\u00bb background_color=\u00bb#572364&#8243; global_module=\u00bb122&#8243; global_colors_info=\u00bb{}\u00bb][et_pb_row _builder_version=\u00bb4.26.0&#8243; _module_preset=\u00bbdefault\u00bb global_colors_info=\u00bb{}\u00bb][et_pb_column type=\u00bb4_4&#8243; _builder_version=\u00bb4.26.0&#8243; _module_preset=\u00bbdefault\u00bb global_colors_info=\u00bb{}\u00bb][et_pb_heading title=\u00bb@ET-DC@eyJkeW5hbWljIjp0cnVlLCJjb250ZW50IjoicG9zdF90aXRsZSIsInNldHRpbmdzIjp7ImJlZm9yZSI6IiIsImFmdGVyIjoiIn19@\u00bb _builder_version=\u00bb4.27.0&#8243; _dynamic_attributes=\u00bbtitle\u00bb _module_preset=\u00bbdefault\u00bb title_font=\u00bbMontserrat Alternates|700||on|||||\u00bb title_text_align=\u00bbcenter\u00bb title_text_color=\u00bb#FFFFFF\u00bb title_font_size=\u00bb40px\u00bb title_letter_spacing=\u00bb5px\u00bb custom_margin=\u00bb5px||5px|||\u00bb animation_style=\u00bbfade\u00bb title_font_size_tablet=\u00bb\u00bb title_font_size_phone=\u00bb20px\u00bb title_font_size_last_edited=\u00bbon|phone\u00bb global_colors_info=\u00bb{}\u00bb][\/et_pb_heading][et_pb_divider color=\u00bb#FFFFFF\u00bb divider_weight=\u00bb5px\u00bb divider_weight_tablet=\u00bb\u00bb divider_weight_phone=\u00bb3px\u00bb divider_weight_last_edited=\u00bbon|phone\u00bb _builder_version=\u00bb4.27.0&#8243; _module_preset=\u00bbdefault\u00bb custom_margin=\u00bb0px||||false|false\u00bb custom_padding=\u00bb0px|40%||40%|false|false\u00bb animation_style=\u00bbslide\u00bb global_colors_info=\u00bb{}\u00bb][\/et_pb_divider][\/et_pb_column][\/et_pb_row][\/et_pb_section][et_pb_section fb_built=\u00bb1&#8243; _builder_version=\u00bb4.22.2&#8243; _module_preset=\u00bb_initial\u00bb min_height=\u00bb303px\u00bb custom_margin=\u00bb0px|0px|0px|0px|false|false\u00bb custom_padding=\u00bb0px|0px|19px|0px|false|false\u00bb global_colors_info=\u00bb{}\u00bb][et_pb_row column_structure=\u00bb1_2,1_2&#8243; _builder_version=\u00bb4.27.0&#8243; _module_preset=\u00bbdefault\u00bb use_background_color_gradient=\u00bbon\u00bb background_color_gradient_direction=\u00bb270deg\u00bb background_color_gradient_stops=\u00bbrgba(255,255,255,0) 0%|#ffffff 66%|#ffffff 100%\u00bb background_image=\u00bbhttps:\/\/www.josaura.com\/wp-content\/uploads\/2024\/07\/josaura_servicios_juridicos_especialidades_familia.jpg\u00bb background_blend=\u00bboverlay\u00bb width=\u00bb100%\u00bb max_width=\u00bb100vw\u00bb animation_style=\u00bbfold\u00bb animation_direction=\u00bbleft\u00bb animation_speed_curve=\u00bbease-in\u00bb background_last_edited=\u00bbon|phone\u00bb use_background_color_gradient_tablet=\u00bboff\u00bb use_background_color_gradient_phone=\u00bboff\u00bb background_enable_image_tablet=\u00bboff\u00bb background_enable_image_phone=\u00bboff\u00bb global_colors_info=\u00bb{}\u00bb][et_pb_column type=\u00bb1_2&#8243; _builder_version=\u00bb4.23&#8243; _module_preset=\u00bbdefault\u00bb custom_padding=\u00bb|20px||20px|false|true\u00bb global_colors_info=\u00bb{}\u00bb][et_pb_text ul_item_indent=\u00bb30px\u00bb _builder_version=\u00bb4.26.0&#8243; _module_preset=\u00bbdefault\u00bb header_2_font=\u00bbMontserrat Alternates|700||on|||||\u00bb global_colors_info=\u00bb{}\u00bb]<\/p>\n<h2 style=\"text-align: center;\">Derecho de Familia<\/h2>\n<p style=\"text-align: justify;\">Esta \u00e1rea aborda asuntos que competen a \u00e1mbitos tan privados e \u00edntimos como son la vida familiar, los hijos, los recursos econ\u00f3micos, etc., por lo que contar con un abogado en el cual puedas depositar tu confianza total es realmente crucial.<\/p>\n<p style=\"text-align: justify;\">Nuestra experiencia en el \u00e1mbito de la familia nos permite poder prever situaciones y actuar con antelaci\u00f3n siendo capaz de evitar conflictos que pueden volverse m\u00e1s dif\u00edciles de resolver.<\/p>\n<p style=\"text-align: justify;\">EI di\u00e1logo y la sensatez son algunos de los valores que prevalecen en mi asesoramiento sin tener que acudir a la v\u00eda judicial.<\/p>\n<p style=\"text-align: justify;\">Entre otros, el despacho resuelve cuestiones como:<\/p>\n<ul>\n<li style=\"text-align: justify;\"><strong>Divorcio de mutuo acuerdo<\/strong>: Cuando un matrimonio pone fin a su relaci\u00f3n y quieren homologar un convenio regulador ante el juez.<\/li>\n<li style=\"text-align: justify;\"><strong>Divorcio contencioso<\/strong>: Cuando el matrimonio no est\u00e1 de acuerdo en los t\u00e9rminos o en alguno de esos t\u00e9rminos de la separaci\u00f3n y necesitan que sea regulado por autoridad judicial.<\/li>\n<li style=\"text-align: justify;\"><strong>Divorcio notarial<\/strong>: Este tipo de divorcio es cuando al poner fin y se ponen de acuerdo las dos partes esa disoluci\u00f3n se realiza ante un notario.<\/li>\n<li style=\"text-align: justify;\"><strong>Custodia exclusiva o compartida<\/strong>: Desde nuestra experiencia como abogados y personas entendemos las necesidades que se generan en una separaci\u00f3n, las diferencias en las partes y sobre todo en la protecci\u00f3n de los menores, es algo imprescindible y la pareja que est\u00e1 pasando por este mal trago tiene que regular su situaci\u00f3n y llegar a alguna conclusi\u00f3n respecto a ellos, siendo esta 10 menos traum\u00e1tico posible.<\/li>\n<li style=\"text-align: justify;\"><strong>Modificaci\u00f3n de medidas<\/strong>. Cuando se afronta un proceso \u00abtraum\u00e1tico\u00bb como una separaci\u00f3n o divorcio, a veces, no se adoptan en un primer momento las medidas m\u00e1s adecuadas para los hijos, o bien, se da una circunstancia nueva tras la adopci\u00f3n de dichas medidas, por 10 que se tiene que plantear una modificaci\u00f3n de esas medidas que ya no se ajustan a la nueva realidad.<\/li>\n<li style=\"text-align: justify;\"><strong>Ejecuciones de sentencia<\/strong>. Cuando una de las partes incumple ya sea un r\u00e9gimen de visitas, el pago de la pensi\u00f3n alimenticia o bien, el pago de los gastos extraordinarios se ha de ejecutar la sentencia.<\/li>\n<\/ul>\n<p>[\/et_pb_text][\/et_pb_column][et_pb_column type=\u00bb1_2&#8243; _builder_version=\u00bb4.23&#8243; _module_preset=\u00bbdefault\u00bb custom_padding=\u00bb|20px||20px|false|true\u00bb global_colors_info=\u00bb{}\u00bb custom_padding__hover_enabled=\u00bbon|desktop\u00bb custom_padding__hover=\u00bb|20px||20px|false|true\u00bb][et_pb_text _builder_version=\u00bb4.27.0&#8243; _module_preset=\u00bbdefault\u00bb header_3_font=\u00bb&#8211;et_global_body_font|700||||on|||\u00bb header_3_text_color=\u00bb#FFFFFF\u00bb custom_padding=\u00bb|||10px|false|false\u00bb header_3_text_color_tablet=\u00bb#572364&#8243; header_3_text_color_phone=\u00bb#572364&#8243; header_3_text_color_last_edited=\u00bbon|desktop\u00bb header_3_text_shadow_style=\u00bbpreset3&#8243; header_3_text_shadow_color=\u00bb#000000&#8243; header_3_text_shadow_horizontal_length_tablet=\u00bb\u00bb header_3_text_shadow_horizontal_length_phone=\u00bb\u00bb header_3_text_shadow_horizontal_length_last_edited=\u00bbon|phone\u00bb header_3_text_shadow_blur_strength_tablet=\u00bb0em\u00bb header_3_text_shadow_blur_strength_phone=\u00bb0em\u00bb header_3_text_shadow_blur_strength_last_edited=\u00bbon|phone\u00bb border_width_left=\u00bb4px\u00bb border_color_left=\u00bb#572364&#8243; global_colors_info=\u00bb{}\u00bb]<\/p>\n<h3>Estamos especializados en los conflictos legales que se enmarcan en el \u00e1mbito del Derecho de Familia<\/h3>\n<p>[\/et_pb_text][et_pb_text _builder_version=\u00bb4.26.0&#8243; _module_preset=\u00bbdefault\u00bb header_3_font=\u00bb&#8211;et_global_body_font|700||||on|||\u00bb header_3_text_color=\u00bb#FFFFFF\u00bb custom_padding=\u00bb|||10px|false|false\u00bb header_3_text_color_tablet=\u00bb#572364&#8243; header_3_text_color_phone=\u00bb#572364&#8243; header_3_text_color_last_edited=\u00bbon|desktop\u00bb header_3_text_shadow_style=\u00bbpreset3&#8243; header_3_text_shadow_color=\u00bb#000000&#8243; header_3_text_shadow_horizontal_length_tablet=\u00bb\u00bb header_3_text_shadow_horizontal_length_phone=\u00bb\u00bb header_3_text_shadow_horizontal_length_last_edited=\u00bbon|phone\u00bb header_3_text_shadow_blur_strength_tablet=\u00bb0em\u00bb header_3_text_shadow_blur_strength_phone=\u00bb0em\u00bb header_3_text_shadow_blur_strength_last_edited=\u00bbon|phone\u00bb border_width_left=\u00bb4px\u00bb border_color_left=\u00bb#572364&#8243; global_colors_info=\u00bb{}\u00bb]<\/p>\n<h3>Si te encuentras en el momento de una ruptura familiar, si deseas revisar las medidas acordadas tras tu divorcio o buscas asesoramiento legal sobre acuerdo prematrimoniales, podemos ayudarte<\/h3>\n<p>[\/et_pb_text][et_pb_text _builder_version=\u00bb4.26.0&#8243; _module_preset=\u00bbdefault\u00bb header_3_font=\u00bb&#8211;et_global_body_font|700||||on|||\u00bb header_3_text_color=\u00bb#FFFFFF\u00bb custom_padding=\u00bb|||10px|false|false\u00bb header_3_text_color_tablet=\u00bb#572364&#8243; header_3_text_color_phone=\u00bb#572364&#8243; header_3_text_color_last_edited=\u00bbon|desktop\u00bb header_3_text_shadow_style=\u00bbpreset3&#8243; header_3_text_shadow_color=\u00bb#000000&#8243; header_3_text_shadow_horizontal_length_tablet=\u00bb\u00bb header_3_text_shadow_horizontal_length_phone=\u00bb\u00bb header_3_text_shadow_horizontal_length_last_edited=\u00bbon|phone\u00bb header_3_text_shadow_blur_strength_tablet=\u00bb0em\u00bb header_3_text_shadow_blur_strength_phone=\u00bb0em\u00bb header_3_text_shadow_blur_strength_last_edited=\u00bbon|phone\u00bb border_width_left=\u00bb4px\u00bb border_color_left=\u00bb#572364&#8243; global_colors_info=\u00bb{}\u00bb]<\/p>\n<h3 style=\"text-align: justify;\">Gracias a nuestra experiencia en otras ramas del Derecho tales como el Derecho Penal, violencia y menores, podemos proporcionarte un asesoramiento integral hasta en los procedimientos de familia m\u00e1s complicados<\/h3>\n<p>[\/et_pb_text][\/et_pb_column][\/et_pb_row][et_pb_row column_structure=\u00bb1_2,1_2&#8243; _builder_version=\u00bb4.27.0&#8243; _module_preset=\u00bbdefault\u00bb use_background_color_gradient=\u00bbon\u00bb background_color_gradient_direction=\u00bb270deg\u00bb background_color_gradient_stops=\u00bb#ffffff 0%|#ffffff 34%|rgba(255,255,255,0) 100%\u00bb background_image=\u00bbhttps:\/\/www.josaura.com\/wp-content\/uploads\/2024\/07\/josaura_servicios_juridicos_especialidades_penal.jpg\u00bb background_blend=\u00bboverlay\u00bb width=\u00bb100%\u00bb max_width=\u00bb100vw\u00bb animation_style=\u00bbfold\u00bb animation_direction=\u00bbright\u00bb animation_speed_curve=\u00bbease-in\u00bb background_last_edited=\u00bbon|phone\u00bb use_background_color_gradient_tablet=\u00bboff\u00bb use_background_color_gradient_phone=\u00bboff\u00bb background_enable_image_tablet=\u00bboff\u00bb background_enable_image_phone=\u00bboff\u00bb global_colors_info=\u00bb{}\u00bb][et_pb_column type=\u00bb1_2&#8243; _builder_version=\u00bb4.23&#8243; _module_preset=\u00bbdefault\u00bb custom_padding=\u00bb|20px||20px|false|true\u00bb global_colors_info=\u00bb{}\u00bb custom_padding__hover_enabled=\u00bbon|desktop\u00bb custom_padding__hover=\u00bb|20px||20px|false|true\u00bb][et_pb_text disabled_on=\u00bboff|on|on\u00bb _builder_version=\u00bb4.26.0&#8243; _module_preset=\u00bbdefault\u00bb header_3_font=\u00bb&#8211;et_global_body_font|700||||on|||\u00bb header_3_text_color=\u00bb#FFFFFF\u00bb custom_padding=\u00bb|||10px|false|false\u00bb header_3_text_color_tablet=\u00bb#572364&#8243; header_3_text_color_phone=\u00bb#572364&#8243; header_3_text_color_last_edited=\u00bbon|desktop\u00bb header_3_text_shadow_style=\u00bbpreset3&#8243; header_3_text_shadow_color=\u00bb#000000&#8243; header_3_text_shadow_horizontal_length_tablet=\u00bb\u00bb header_3_text_shadow_horizontal_length_phone=\u00bb\u00bb header_3_text_shadow_horizontal_length_last_edited=\u00bbon|phone\u00bb header_3_text_shadow_blur_strength_tablet=\u00bb0em\u00bb header_3_text_shadow_blur_strength_phone=\u00bb0em\u00bb header_3_text_shadow_blur_strength_last_edited=\u00bbon|phone\u00bb border_width_left=\u00bb4px\u00bb border_color_left=\u00bb#572364&#8243; global_colors_info=\u00bb{}\u00bb]<\/p>\n<h3>Expertos penalistas. contacta con nosotros.<\/h3>\n<p>[\/et_pb_text][\/et_pb_column][et_pb_column type=\u00bb1_2&#8243; _builder_version=\u00bb4.23&#8243; _module_preset=\u00bbdefault\u00bb custom_padding=\u00bb|20px||20px|false|true\u00bb global_colors_info=\u00bb{}\u00bb][et_pb_text ul_item_indent=\u00bb30px\u00bb _builder_version=\u00bb4.26.0&#8243; _module_preset=\u00bbdefault\u00bb header_2_font=\u00bbMontserrat Alternates|700||on|||||\u00bb global_colors_info=\u00bb{}\u00bb]<\/p>\n<h2 style=\"text-align: center;\">Derecho Penal<\/h2>\n<p style=\"text-align: justify;\">EI Derecho Penal es la parte del ordenamiento jur\u00eddico donde se regulan los delitos y se establecen unas consecuencias jur\u00eddicas al autor de los mismos, intentando as\u00ed resarcir a la v\u00edctima del delito.<\/p>\n<p style=\"text-align: justify;\">Ante cualquier problema judicial cuando alguien ha sido denunciado, ha denunciado o quiere denunciar alg\u00fan hecho, se hace necesario contar con un asesoramiento especializado que preserve tus derechos.<\/p>\n<p style=\"text-align: justify;\">En nuestra firma encontrar\u00e1s asistencia letrada ante delitos como:<\/p>\n<ul>\n<li style=\"text-align: justify;\">Homicidio y sus formas<\/li>\n<li style=\"text-align: justify;\">Aborto<\/li>\n<li style=\"text-align: justify;\">Lesiones<\/li>\n<li style=\"text-align: justify;\">Delitos contra la libertad (detenci\u00f3n ilegal, amenazas, coacciones, torturas, trata de seres humanos)<\/li>\n<li style=\"text-align: justify;\">Contra la libertad e indemnidad sexual (agresiones sexuales, abusos sexuales, acoso sexual, delitos relativos a la prostituci\u00f3n, explotaci\u00f3n sexual y corrupci\u00f3n de menores)<\/li>\n<li style=\"text-align: justify;\">Delitos contra la intimidad, derecho a la propia imagen e inviolabilidad del domicilio<\/li>\n<li style=\"text-align: justify;\">Del descubrimiento y revelaci\u00f3n de secretos.<\/li>\n<li style=\"text-align: justify;\">Delitos contra el honor (injuria y calumnia)<\/li>\n<li style=\"text-align: justify;\">Delitos contra el patrimonio (hurtos y robos)<\/li>\n<li style=\"text-align: justify;\">Delitos contra la salud p\u00fablica (tr\u00e1fico de drogas)<\/li>\n<\/ul>\n<p>[\/et_pb_text][et_pb_text disabled_on=\u00bboff|off|on\u00bb _builder_version=\u00bb4.26.0&#8243; _module_preset=\u00bbdefault\u00bb header_3_font=\u00bb&#8211;et_global_body_font|700||||on|||\u00bb header_3_text_color=\u00bb#FFFFFF\u00bb custom_padding=\u00bb|||10px|false|false\u00bb header_3_text_color_tablet=\u00bb#572364&#8243; header_3_text_color_phone=\u00bb#572364&#8243; header_3_text_color_last_edited=\u00bbon|desktop\u00bb header_3_text_shadow_style=\u00bbpreset3&#8243; header_3_text_shadow_color=\u00bb#000000&#8243; header_3_text_shadow_horizontal_length_tablet=\u00bb\u00bb header_3_text_shadow_horizontal_length_phone=\u00bb\u00bb header_3_text_shadow_horizontal_length_last_edited=\u00bbon|phone\u00bb header_3_text_shadow_blur_strength_tablet=\u00bb0em\u00bb header_3_text_shadow_blur_strength_phone=\u00bb0em\u00bb header_3_text_shadow_blur_strength_last_edited=\u00bbon|phone\u00bb border_width_left=\u00bb4px\u00bb border_color_left=\u00bb#572364&#8243; global_colors_info=\u00bb{}\u00bb]<\/p>\n<h3>Expertos penalistas. contacta con nosotros.<\/h3>\n<p>[\/et_pb_text][\/et_pb_column][\/et_pb_row][et_pb_row column_structure=\u00bb1_2,1_2&#8243; _builder_version=\u00bb4.27.0&#8243; _module_preset=\u00bbdefault\u00bb use_background_color_gradient=\u00bbon\u00bb background_color_gradient_direction=\u00bb270deg\u00bb background_color_gradient_stops=\u00bbrgba(255,255,255,0) 0%|#ffffff 66%|#ffffff 100%\u00bb background_image=\u00bbhttps:\/\/www.josaura.com\/wp-content\/uploads\/2024\/07\/josaura_servicios_juridicos_especialidades_penitenciario.jpg\u00bb background_blend=\u00bboverlay\u00bb width=\u00bb100%\u00bb max_width=\u00bb100vw\u00bb animation_style=\u00bbfold\u00bb animation_direction=\u00bbleft\u00bb animation_speed_curve=\u00bbease-in\u00bb background_last_edited=\u00bbon|phone\u00bb use_background_color_gradient_tablet=\u00bboff\u00bb use_background_color_gradient_phone=\u00bboff\u00bb background_enable_image_tablet=\u00bboff\u00bb background_enable_image_phone=\u00bboff\u00bb global_colors_info=\u00bb{}\u00bb][et_pb_column type=\u00bb1_2&#8243; _builder_version=\u00bb4.23&#8243; _module_preset=\u00bbdefault\u00bb custom_padding=\u00bb|20px||20px|false|true\u00bb global_colors_info=\u00bb{}\u00bb][et_pb_text ul_item_indent=\u00bb30px\u00bb _builder_version=\u00bb4.26.0&#8243; _module_preset=\u00bbdefault\u00bb header_2_font=\u00bbMontserrat Alternates|700||on|||||\u00bb global_colors_info=\u00bb{}\u00bb]<\/p>\n<h2 style=\"text-align: center;\">Derecho Penitenciario<\/h2>\n<p style=\"text-align: justify;\">En nuestro despacho encontrar\u00e1s asesoramiento y defensa en relaci\u00f3n a todo tipo de asuntos que afectan al r\u00e9gimen penitenciario en todo el territorio nacional.<\/p>\n<p>Cons\u00faltenos acerca de cualquier aspecto que pueda darse en la vida en prisi\u00f3n. Somos expertos. Entre otros, podemos ayudar al interno a solicitar:<\/p>\n<ul>\n<li style=\"text-align: justify;\"><strong>Permisos ordinarios<\/strong>: Una vez se lleva a cabo un tiempo de cumplimento de una condena, eI reo puede solicitar permisos de salida que Ie ayudaran posteriormente a conseguir eI tercer grado y reinsertarse en sociedad. Estos permisos, por desgracia, se deniegan autom\u00e1ticamente.<\/li>\n<li style=\"text-align: justify;\"><strong>Permisos extraordinarios<\/strong>: Son aquellos que se conceden por causas extraordinarias como pueden ser fallecimiento o enfermedad de un familiar, nacimientos, etc.<\/li>\n<li style=\"text-align: justify;\"><strong>Revisi\u00f3n de grado<\/strong>: La evoluci\u00f3n de un interno dentro del sistema penitenciario depende de pasar por Junta de Tratamiento, recurriremos las denegaciones las<br \/>veces que sean necesarias hasta demostrar que est\u00e1 listo para su reinserci\u00f3n en sociedad.<br \/>Sanciones disciplinarias: Son aquellas impuestas cuando, supuestamente, el reo transgrede las normas de convivencia del centro penitenciario.<\/li>\n<\/ul>\n<p>[\/et_pb_text][\/et_pb_column][et_pb_column type=\u00bb1_2&#8243; _builder_version=\u00bb4.23&#8243; _module_preset=\u00bbdefault\u00bb custom_padding=\u00bb|20px||20px|false|true\u00bb global_colors_info=\u00bb{}\u00bb custom_padding__hover_enabled=\u00bbon|desktop\u00bb custom_padding__hover=\u00bb|20px||20px|false|true\u00bb][et_pb_text _builder_version=\u00bb4.27.0&#8243; _module_preset=\u00bbdefault\u00bb header_3_font=\u00bb&#8211;et_global_body_font|700||||on|||\u00bb header_3_text_color=\u00bb#FFFFFF\u00bb custom_padding=\u00bb|||10px|false|false\u00bb header_3_text_color_tablet=\u00bb#572364&#8243; header_3_text_color_phone=\u00bb#572364&#8243; header_3_text_color_last_edited=\u00bbon|desktop\u00bb header_3_text_shadow_style=\u00bbpreset3&#8243; header_3_text_shadow_color=\u00bb#000000&#8243; header_3_text_shadow_horizontal_length_tablet=\u00bb\u00bb header_3_text_shadow_horizontal_length_phone=\u00bb\u00bb header_3_text_shadow_horizontal_length_last_edited=\u00bbon|phone\u00bb header_3_text_shadow_blur_strength_tablet=\u00bb0em\u00bb header_3_text_shadow_blur_strength_phone=\u00bb0em\u00bb header_3_text_shadow_blur_strength_last_edited=\u00bbon|phone\u00bb border_width_left=\u00bb4px\u00bb border_color_left=\u00bb#572364&#8243; global_colors_info=\u00bb{}\u00bb]<\/p>\n<h3>Asistencia jur\u00eddica y visitas en prisi\u00f3n. Podemos defender y velar por tus derechos como interno.<\/h3>\n<p>[\/et_pb_text][et_pb_text _builder_version=\u00bb4.26.0&#8243; _module_preset=\u00bbdefault\u00bb header_3_font=\u00bb&#8211;et_global_body_font|700||||on|||\u00bb header_3_text_color=\u00bb#FFFFFF\u00bb custom_padding=\u00bb|||10px|false|false\u00bb header_3_text_color_tablet=\u00bb#572364&#8243; header_3_text_color_phone=\u00bb#572364&#8243; header_3_text_color_last_edited=\u00bbon|desktop\u00bb header_3_text_shadow_style=\u00bbpreset3&#8243; header_3_text_shadow_color=\u00bb#000000&#8243; header_3_text_shadow_horizontal_length_tablet=\u00bb\u00bb header_3_text_shadow_horizontal_length_phone=\u00bb\u00bb header_3_text_shadow_horizontal_length_last_edited=\u00bbon|phone\u00bb header_3_text_shadow_blur_strength_tablet=\u00bb0em\u00bb header_3_text_shadow_blur_strength_phone=\u00bb0em\u00bb header_3_text_shadow_blur_strength_last_edited=\u00bbon|phone\u00bb border_width_left=\u00bb4px\u00bb border_color_left=\u00bb#572364&#8243; global_colors_info=\u00bb{}\u00bb]<\/p>\n<h3>Si t\u00fa o un familiar est\u00e1is privados de libertad y quer\u00e9is obtener beneficios penitenciarios y disfrutar antes de un r\u00e9gimen de semilibertad, os podemos ayudar.<\/h3>\n<p>[\/et_pb_text][\/et_pb_column][\/et_pb_row][\/et_pb_section][et_pb_section fb_built=\u00bb1&#8243; _builder_version=\u00bb4.26.0&#8243; _module_preset=\u00bbdefault\u00bb global_module=\u00bb117&#8243; saved_tabs=\u00bball\u00bb global_colors_info=\u00bb{}\u00bb][et_pb_row _builder_version=\u00bb4.27.0&#8243; _module_preset=\u00bbdefault\u00bb custom_margin=\u00bb||||false|false\u00bb custom_padding=\u00bb0px|0px|0px|0px|false|false\u00bb animation_style=\u00bbbounce\u00bb border_radii=\u00bbon|100px|100px|100px|100px\u00bb border_color_all=\u00bb#E02B20&#8243; global_colors_info=\u00bb{}\u00bb][et_pb_column type=\u00bb4_4&#8243; _builder_version=\u00bb4.26.0&#8243; _module_preset=\u00bbdefault\u00bb global_colors_info=\u00bb{}\u00bb][et_pb_cta title=\u00bb\u00bfNecesitas ayuda?\u00bb button_url=\u00bb@ET-DC@eyJkeW5hbWljIjp0cnVlLCJjb250ZW50IjoicG9zdF9saW5rX3VybF9wYWdlIiwic2V0dGluZ3MiOnsicG9zdF9pZCI6IjIwIn19@\u00bb button_text=\u00bbContacte con nosotros\u00bb _builder_version=\u00bb4.26.0&#8243; _dynamic_attributes=\u00bbbutton_url\u00bb _module_preset=\u00bbdefault\u00bb header_font=\u00bbMontserrat Alternates||||||||\u00bb header_font_size=\u00bb32px\u00bb body_font_size=\u00bb16px\u00bb background_color=\u00bb#000000&#8243; custom_button=\u00bbon\u00bb button_border_radius=\u00bb100px\u00bb button_font=\u00bb|||||||RGBA(255,255,255,0)|\u00bb global_colors_info=\u00bb{}\u00bb border_radii__hover_enabled=\u00bbon|desktop\u00bb]<\/p>\n<p>Estamos preparados para dar respuesta a tus necesidades legales y tus circunstancias particulares<\/p>\n<p>[\/et_pb_cta][\/et_pb_column][\/et_pb_row][\/et_pb_section]<\/p>\n","protected":false},"excerpt":{"rendered":"<p>Derecho de Familia Esta \u00e1rea aborda asuntos que competen a \u00e1mbitos tan privados e \u00edntimos como son la vida familiar, los hijos, los recursos econ\u00f3micos, etc., por lo que contar con un abogado en el cual puedas depositar tu confianza total es realmente crucial. Nuestra experiencia en el \u00e1mbito de la familia nos permite poder [&hellip;]<\/p>\n","protected":false},"author":1,"featured_media":0,"parent":0,"menu_order":0,"comment_status":"closed","ping_status":"closed","template":"","meta":{"_et_pb_use_builder":"on","_et_pb_old_content":"<!-- wp:divi\/placeholder \/-->","_et_gb_content_width":"","rank_math_lock_modified_date":false,"footnotes":""},"class_list":["post-16","page","type-page","status-publish","hentry"],"_links":{"self":[{"href":"https:\/\/www.josaura.com\/en\/wp-json\/wp\/v2\/pages\/16","targetHints":{"allow":["GET"]}}],"collection":[{"href":"https:\/\/www.josaura.com\/en\/wp-json\/wp\/v2\/pages"}],"about":[{"href":"https:\/\/www.josaura.com\/en\/wp-json\/wp\/v2\/types\/page"}],"author":[{"embeddable":true,"href":"https:\/\/www.josaura.com\/en\/wp-json\/wp\/v2\/users\/1"}],"replies":[{"embeddable":true,"href":"https:\/\/www.josaura.com\/en\/wp-json\/wp\/v2\/comments?post=16"}],"version-history":[{"count":13,"href":"https:\/\/www.josaura.com\/en\/wp-json\/wp\/v2\/pages\/16\/revisions"}],"predecessor-version":[{"id":280,"href":"https:\/\/www.josaura.com\/en\/wp-json\/wp\/v2\/pages\/16\/revisions\/280"}],"wp:attachment":[{"href":"https:\/\/www.josaura.com\/en\/wp-json\/wp\/v2\/media?parent=16"}],"curies":[{"name":"wp","href":"https:\/\/api.w.org\/{rel}","templated":true}]}}